{"id":49649,"date":"2019-08-22T19:13:16","date_gmt":"2019-08-22T18:13:16","guid":{"rendered":"https:\/\/creativitysafe.com\/creativity-tools-modelli\/"},"modified":"2019-08-27T15:05:44","modified_gmt":"2019-08-27T14:05:44","slug":"creativity-tools-modelli","status":"publish","type":"page","link":"https:\/\/creativitysafe.com\/en\/creativity-tools-modelli\/","title":{"rendered":"Creativity tools &#8211; modelli"},"content":{"rendered":"<div class=\"wpb-content-wrapper\"><p>[vc_row type=&#8221;vc_default&#8221; full_width=&#8221;stretch_row_content&#8221; equal_height=&#8221;yes&#8221; css=&#8221;.vc_custom_1566591850263{padding-top: 60px !important;}&#8221;][vc_column offset=&#8221;vc_col-lg-offset-3 vc_col-lg-6 vc_col-md-offset-0 vc_col-md-12&#8243; css=&#8221;.vc_custom_1476700695752{padding-top: 90px !important;padding-bottom: 90px !important;}&#8221;]<div id=\"ultimate-heading-620169d8bcfa8ea32\" class=\"uvc-heading ult-adjust-bottom-margin ultimate-heading-620169d8bcfa8ea32 uvc-614 \" data-hspacer=\"no_spacer\"  data-halign=\"center\" style=\"text-align:center\"><div class=\"uvc-heading-spacer no_spacer\" style=\"top\"><\/div><div class=\"uvc-main-heading ult-responsive\"  data-ultimate-target='.uvc-heading.ultimate-heading-620169d8bcfa8ea32 h2'  data-responsive-json-new='{\"font-size\":\"desktop:90px;mobile_landscape:60px;\",\"line-height\":\"desktop:100px;mobile_landscape:70px;\"}' ><h2 style=\"font-weight:bold;color:rgba(59,63,74,0.12);margin-bottom:-45px;\">*CREATIVITY TOOLS<\/h2><\/div><\/div><div id=\"ultimate-heading-134069d8bcfa8eae8\" class=\"uvc-heading ult-adjust-bottom-margin ultimate-heading-134069d8bcfa8eae8 uvc-2673 \" data-hspacer=\"no_spacer\"  data-halign=\"center\" style=\"text-align:center\"><div class=\"uvc-heading-spacer no_spacer\" style=\"top\"><\/div><div class=\"uvc-main-heading ult-responsive\"  data-ultimate-target='.uvc-heading.ultimate-heading-134069d8bcfa8eae8 h2'  data-responsive-json-new='{\"font-size\":\"desktop:38px;mobile_landscape:30px;\",\"line-height\":\"desktop:48px;mobile_landscape:40px;\"}' ><h2 style=\"font-weight:bold;margin-bottom:24px;\">Templates for your works' descritpion<\/h2><\/div><\/div>[\/vc_column][\/vc_row][vc_row type=&#8221;vc_default&#8221; css=&#8221;.vc_custom_1566591871927{margin-bottom: 24px !important;}&#8221;][vc_column width=&#8221;1\/12&#8243;][\/vc_column][vc_column width=&#8221;10\/12&#8243;][vc_column_text]Below is the list of &#8220;templates&#8221; currently available. In some cases, we have preferred to create them in the form of Excel files or pdf files that can be downloaded directly onto the computer, so as to allow maximum customization and the possibility of using them for other purposes. As for the recipe file which can become the basic element of a recipe book in view of a future publication. In others, we have preferred to create standard modules capable of producing documents in pdf.[\/vc_column_text][\/vc_column][vc_column width=&#8221;1\/12&#8243;][\/vc_column][\/vc_row][vc_row][vc_column width=&#8221;1\/3&#8243;]<div id=\"ultimate-heading-928469d8bcfa8eb52\" class=\"uvc-heading ult-adjust-bottom-margin ultimate-heading-928469d8bcfa8eb52 uvc-5749 \" data-hspacer=\"no_spacer\"  data-halign=\"center\" style=\"text-align:center\"><div class=\"uvc-heading-spacer no_spacer\" style=\"top\"><\/div><div class=\"uvc-main-heading ult-responsive\"  data-ultimate-target='.uvc-heading.ultimate-heading-928469d8bcfa8eb52 h2'  data-responsive-json-new='{\"font-size\":\"desktop:28px;mobile_landscape:30px;\",\"line-height\":\"desktop:38px;mobile_landscape:40px;\"}' ><h2 style=\"font-weight:bold;margin-bottom:50px;\">ACCORDO COAUTORI<\/h2><\/div><\/div>[vc_column_text]<\/p>\n<p style=\"text-align: center;\">modello Word e Pdf che fornisce la base per regolamentare i rapporti tra i coautori di un&#8217;opera ancora in fase di sviluppo..<\/p>\n<p style=\"text-align: center;\">Da scaricare in locale e personalizzare in base alle proprie necessit\u00e0 e alle specificit\u00e0 dell&#8217;opera. Una volta compilato e firmato da tutti i coautori, pu\u00f2 essere caricato tra le &#8220;prove di titolarit\u00e0, &#8230;&#8221; nel modulo di certificazione su Blockchain.<\/p>\n<p>[\/vc_column_text]<style type=\"text\/css\" data-type=\"the7_shortcodes-inline-css\">#default-btn-e05a39c78251d2e0c8d94141e27363f0.ico-right-side > i {\n  margin-right: 0px;\n  margin-left: 8px;\n}\n#default-btn-e05a39c78251d2e0c8d94141e27363f0 > i {\n  margin-right: 8px;\n}\n<\/style><div class=\"btn-align-center\"><a href=\"https:\/\/creativitysafe.com\/en\/creativity-tools-modelli-directory-2\/\" class=\"default-btn-shortcode dt-btn dt-btn-s link-hover-off \" id=\"default-btn-e05a39c78251d2e0c8d94141e27363f0\"><span>DOWNLOAD &amp; FILL IN<\/span><\/a><\/div>[\/vc_column][vc_column width=&#8221;1\/3&#8243;]<div id=\"ultimate-heading-813269d8bcfa8edc6\" class=\"uvc-heading ult-adjust-bottom-margin ultimate-heading-813269d8bcfa8edc6 uvc-1052 \" data-hspacer=\"no_spacer\"  data-halign=\"center\" style=\"text-align:center\"><div class=\"uvc-heading-spacer no_spacer\" style=\"top\"><\/div><div class=\"uvc-main-heading ult-responsive\"  data-ultimate-target='.uvc-heading.ultimate-heading-813269d8bcfa8edc6 h2'  data-responsive-json-new='{\"font-size\":\"desktop:28px;mobile_landscape:30px;\",\"line-height\":\"desktop:38px;mobile_landscape:40px;\"}' ><h2 style=\"font-weight:bold;margin-bottom:50px;\">RECIPES<\/h2><\/div><\/div>[vc_column_text]<\/p>\n<p style=\"text-align: center;\">modello Excel e Pdf che prevede la descrizione completa della ricetta: ingredienti, dosaggi, storia, accompagnamento, preparazione.<\/p>\n<p style=\"text-align: center;\">Da scaricare in locale e personalizzare in base a proprie necessit\u00e0. Una volta compilato, il file rappresenta idealmente l\u2019Oggetto Primario di Tutela da caricare su CreativitySafe e certificare via Blockchain.<\/p>\n<p>[\/vc_column_text]<style type=\"text\/css\" data-type=\"the7_shortcodes-inline-css\">#default-btn-e05a39c78251d2e0c8d94141e27363f0.ico-right-side > i {\n  margin-right: 0px;\n  margin-left: 8px;\n}\n#default-btn-e05a39c78251d2e0c8d94141e27363f0 > i {\n  margin-right: 8px;\n}\n<\/style><div class=\"btn-align-center\"><a href=\"https:\/\/creativitysafe.com\/en\/creativity-tools-modelli-directory-2\/\" class=\"default-btn-shortcode dt-btn dt-btn-s link-hover-off \" id=\"default-btn-e05a39c78251d2e0c8d94141e27363f0\"><span>DOWNLOAD &amp; FILL IN<\/span><\/a><\/div>[\/vc_column][vc_column width=&#8221;1\/3&#8243;]<div id=\"ultimate-heading-553769d8bcfa8eefc\" class=\"uvc-heading ult-adjust-bottom-margin ultimate-heading-553769d8bcfa8eefc uvc-4123 \" data-hspacer=\"no_spacer\"  data-halign=\"center\" style=\"text-align:center\"><div class=\"uvc-heading-spacer no_spacer\" style=\"top\"><\/div><div class=\"uvc-main-heading ult-responsive\"  data-ultimate-target='.uvc-heading.ultimate-heading-553769d8bcfa8eefc h2'  data-responsive-json-new='{\"font-size\":\"desktop:28px;mobile_landscape:30px;\",\"line-height\":\"desktop:38px;mobile_landscape:40px;\"}' ><h2 style=\"font-weight:bold;margin-bottom:50px;\">COCKTAIL &amp; DRINK<\/h2><\/div><\/div>[vc_column_text]<\/p>\n<p style=\"text-align: center;\">modello Excel e Pdf che prevede la descrizione completa della ricetta: ingredienti, dosaggi, presentazione, preparazione\u2026<\/p>\n<p style=\"text-align: center;\">Da scaricare in locale e personalizzare in base a proprie necessit\u00e0.\u00a0Una volta compilato, il file rappresenta idealmente l\u2019Oggetto Primario di Tutela da caricare su CreativitySafe e certificare via Blockchain.<\/p>\n<p>[\/vc_column_text]<style type=\"text\/css\" data-type=\"the7_shortcodes-inline-css\">#default-btn-b5c223d3497bb34e459e4c6d71759b40.ico-right-side > i {\n  margin-right: 0px;\n  margin-left: 8px;\n}\n#default-btn-b5c223d3497bb34e459e4c6d71759b40 > i {\n  margin-right: 8px;\n}\n<\/style><div class=\"btn-align-center\"><a href=\"https:\/\/creativitysafe.com\/en\/contratto-coautori\/\" class=\"default-btn-shortcode dt-btn dt-btn-s link-hover-off \" id=\"default-btn-b5c223d3497bb34e459e4c6d71759b40\"><span>DOWNLOAD &amp; FILL IN<\/span><\/a><\/div>[\/vc_column][\/vc_row][vc_row][vc_column][\/vc_column][\/vc_row][vc_row][vc_column][vc_separator][\/vc_column][\/vc_row]<\/p>\n<\/div>","protected":false},"excerpt":{"rendered":"<p>[vc_row type=&#8221;vc_default&#8221; full_width=&#8221;stretch_row_content&#8221; equal_height=&#8221;yes&#8221; css=&#8221;.vc_custom_1566591850263{padding-top: 60px !important;}&#8221;][vc_column offset=&#8221;vc_col-lg-offset-3 vc_col-lg-6 vc_col-md-offset-0 vc_col-md-12&#8243; css=&#8221;.vc_custom_1476700695752{padding-top: 90px !important;padding-bottom: 90px !important;}&#8221;][\/vc_column][\/vc_row][vc_row type=&#8221;vc_default&#8221; css=&#8221;.vc_custom_1566591871927{margin-bottom: 24px !important;}&#8221;][vc_column width=&#8221;1\/12&#8243;][\/vc_column][vc_column width=&#8221;10\/12&#8243;][vc_column_text]Below is the list of &#8220;templates&#8221; currently available. In some cases, we have preferred to create them in the form of Excel files or pdf files that can be downloaded directly onto the computer,&hellip;<\/p>\n","protected":false},"author":1,"featured_media":0,"parent":0,"menu_order":0,"comment_status":"closed","ping_status":"closed","template":"","meta":{"_acf_changed":false,"footnotes":""},"class_list":["post-49649","page","type-page","status-publish","hentry","description-off"],"acf":[],"yoast_head":"<!-- This site is optimized with the Yoast SEO plugin v26.4 - https:\/\/yoast.com\/wordpress\/plugins\/seo\/ -->\n<title>Creativity tools - modelli - CreativitySafe<\/title>\n<meta name=\"robots\" content=\"index, follow, max-snippet:-1, max-image-preview:large, max-video-preview:-1\" \/>\n<link rel=\"canonical\" href=\"https:\/\/creativitysafe.com\/creativity-tools-modelli\/\" \/>\n<meta property=\"og:locale\" content=\"en_US\" \/>\n<meta property=\"og:type\" content=\"article\" \/>\n<meta property=\"og:title\" content=\"Creativity tools - modelli - CreativitySafe\" \/>\n<meta property=\"og:description\" content=\"[vc_row type=&#8221;vc_default&#8221; full_width=&#8221;stretch_row_content&#8221; equal_height=&#8221;yes&#8221; css=&#8221;.vc_custom_1566591850263{padding-top: 60px !important;}&#8221;][vc_column offset=&#8221;vc_col-lg-offset-3 vc_col-lg-6 vc_col-md-offset-0 vc_col-md-12&#8243; css=&#8221;.vc_custom_1476700695752{padding-top: 90px !important;padding-bottom: 90px !important;}&#8221;][\/vc_column][\/vc_row][vc_row type=&#8221;vc_default&#8221; css=&#8221;.vc_custom_1566591871927{margin-bottom: 24px !important;}&#8221;][vc_column width=&#8221;1\/12&#8243;][\/vc_column][vc_column width=&#8221;10\/12&#8243;][vc_column_text]Below is the list of &#8220;templates&#8221; currently available. In some cases, we have preferred to create them in the form of Excel files or pdf files that can be downloaded directly onto the computer,&hellip;\" \/>\n<meta property=\"og:url\" content=\"https:\/\/creativitysafe.com\/creativity-tools-modelli\/\" \/>\n<meta property=\"og:site_name\" content=\"CreativitySafe\" \/>\n<meta property=\"article:publisher\" content=\"https:\/\/www.facebook.com\/creativitysafe\/\" \/>\n<meta property=\"article:modified_time\" content=\"2019-08-27T14:05:44+00:00\" \/>\n<meta name=\"twitter:card\" content=\"summary_large_image\" \/>\n<meta name=\"twitter:label1\" content=\"Est. reading time\" \/>\n\t<meta name=\"twitter:data1\" content=\"3 minutes\" \/>\n<script type=\"application\/ld+json\" class=\"yoast-schema-graph\">{\"@context\":\"https:\/\/schema.org\",\"@graph\":[{\"@type\":\"WebPage\",\"@id\":\"https:\/\/creativitysafe.com\/creativity-tools-modelli\/\",\"url\":\"https:\/\/creativitysafe.com\/creativity-tools-modelli\/\",\"name\":\"Creativity tools - modelli - CreativitySafe\",\"isPartOf\":{\"@id\":\"https:\/\/creativitysafe.com\/#website\"},\"datePublished\":\"2019-08-22T18:13:16+00:00\",\"dateModified\":\"2019-08-27T14:05:44+00:00\",\"breadcrumb\":{\"@id\":\"https:\/\/creativitysafe.com\/creativity-tools-modelli\/#breadcrumb\"},\"inLanguage\":\"en-US\",\"potentialAction\":[{\"@type\":\"ReadAction\",\"target\":[\"https:\/\/creativitysafe.com\/creativity-tools-modelli\/\"]}]},{\"@type\":\"BreadcrumbList\",\"@id\":\"https:\/\/creativitysafe.com\/creativity-tools-modelli\/#breadcrumb\",\"itemListElement\":[{\"@type\":\"ListItem\",\"position\":1,\"name\":\"Home\",\"item\":\"https:\/\/creativitysafe.com\/en\/\"},{\"@type\":\"ListItem\",\"position\":2,\"name\":\"Creativity tools &#8211; modelli\"}]},{\"@type\":\"WebSite\",\"@id\":\"https:\/\/creativitysafe.com\/#website\",\"url\":\"https:\/\/creativitysafe.com\/\",\"name\":\"CreativitySafe\",\"description\":\"Protect your ideas\",\"potentialAction\":[{\"@type\":\"SearchAction\",\"target\":{\"@type\":\"EntryPoint\",\"urlTemplate\":\"https:\/\/creativitysafe.com\/?s={search_term_string}\"},\"query-input\":{\"@type\":\"PropertyValueSpecification\",\"valueRequired\":true,\"valueName\":\"search_term_string\"}}],\"inLanguage\":\"en-US\"}]}<\/script>\n<!-- \/ Yoast SEO plugin. -->","yoast_head_json":{"title":"Creativity tools - modelli - CreativitySafe","robots":{"index":"index","follow":"follow","max-snippet":"max-snippet:-1","max-image-preview":"max-image-preview:large","max-video-preview":"max-video-preview:-1"},"canonical":"https:\/\/creativitysafe.com\/creativity-tools-modelli\/","og_locale":"en_US","og_type":"article","og_title":"Creativity tools - modelli - CreativitySafe","og_description":"[vc_row type=&#8221;vc_default&#8221; full_width=&#8221;stretch_row_content&#8221; equal_height=&#8221;yes&#8221; css=&#8221;.vc_custom_1566591850263{padding-top: 60px !important;}&#8221;][vc_column offset=&#8221;vc_col-lg-offset-3 vc_col-lg-6 vc_col-md-offset-0 vc_col-md-12&#8243; css=&#8221;.vc_custom_1476700695752{padding-top: 90px !important;padding-bottom: 90px !important;}&#8221;][\/vc_column][\/vc_row][vc_row type=&#8221;vc_default&#8221; css=&#8221;.vc_custom_1566591871927{margin-bottom: 24px !important;}&#8221;][vc_column width=&#8221;1\/12&#8243;][\/vc_column][vc_column width=&#8221;10\/12&#8243;][vc_column_text]Below is the list of &#8220;templates&#8221; currently available. In some cases, we have preferred to create them in the form of Excel files or pdf files that can be downloaded directly onto the computer,&hellip;","og_url":"https:\/\/creativitysafe.com\/creativity-tools-modelli\/","og_site_name":"CreativitySafe","article_publisher":"https:\/\/www.facebook.com\/creativitysafe\/","article_modified_time":"2019-08-27T14:05:44+00:00","twitter_card":"summary_large_image","twitter_misc":{"Est. reading time":"3 minutes"},"schema":{"@context":"https:\/\/schema.org","@graph":[{"@type":"WebPage","@id":"https:\/\/creativitysafe.com\/creativity-tools-modelli\/","url":"https:\/\/creativitysafe.com\/creativity-tools-modelli\/","name":"Creativity tools - modelli - CreativitySafe","isPartOf":{"@id":"https:\/\/creativitysafe.com\/#website"},"datePublished":"2019-08-22T18:13:16+00:00","dateModified":"2019-08-27T14:05:44+00:00","breadcrumb":{"@id":"https:\/\/creativitysafe.com\/creativity-tools-modelli\/#breadcrumb"},"inLanguage":"en-US","potentialAction":[{"@type":"ReadAction","target":["https:\/\/creativitysafe.com\/creativity-tools-modelli\/"]}]},{"@type":"BreadcrumbList","@id":"https:\/\/creativitysafe.com\/creativity-tools-modelli\/#breadcrumb","itemListElement":[{"@type":"ListItem","position":1,"name":"Home","item":"https:\/\/creativitysafe.com\/en\/"},{"@type":"ListItem","position":2,"name":"Creativity tools &#8211; modelli"}]},{"@type":"WebSite","@id":"https:\/\/creativitysafe.com\/#website","url":"https:\/\/creativitysafe.com\/","name":"CreativitySafe","description":"Protect your ideas","potentialAction":[{"@type":"SearchAction","target":{"@type":"EntryPoint","urlTemplate":"https:\/\/creativitysafe.com\/?s={search_term_string}"},"query-input":{"@type":"PropertyValueSpecification","valueRequired":true,"valueName":"search_term_string"}}],"inLanguage":"en-US"}]}},"_links":{"self":[{"href":"https:\/\/creativitysafe.com\/en\/wp-json\/wp\/v2\/pages\/49649","targetHints":{"allow":["GET"]}}],"collection":[{"href":"https:\/\/creativitysafe.com\/en\/wp-json\/wp\/v2\/pages"}],"about":[{"href":"https:\/\/creativitysafe.com\/en\/wp-json\/wp\/v2\/types\/page"}],"author":[{"embeddable":true,"href":"https:\/\/creativitysafe.com\/en\/wp-json\/wp\/v2\/users\/1"}],"replies":[{"embeddable":true,"href":"https:\/\/creativitysafe.com\/en\/wp-json\/wp\/v2\/comments?post=49649"}],"version-history":[{"count":0,"href":"https:\/\/creativitysafe.com\/en\/wp-json\/wp\/v2\/pages\/49649\/revisions"}],"wp:attachment":[{"href":"https:\/\/creativitysafe.com\/en\/wp-json\/wp\/v2\/media?parent=49649"}],"curies":[{"name":"wp","href":"https:\/\/api.w.org\/{rel}","templated":true}]}}